{"id":849,"date":"2017-08-25T11:16:19","date_gmt":"2017-08-25T09:16:19","guid":{"rendered":"http:\/\/www.lachartreuse.org\/web\/?page_id=849"},"modified":"2023-08-04T19:04:44","modified_gmt":"2023-08-04T17:04:44","slug":"devenir-membre","status":"publish","type":"page","link":"http:\/\/www.lachartreuse.org\/web\/lasbl\/devenir-membre\/","title":{"rendered":"Devenir membre"},"content":{"rendered":"\n<p>&nbsp;<br><\/p>\n\n\n\n<p>Pour devenir membre adh\u00e9rent de l\u2019asbl La Chartreuse, il faut adresser une demande au conseil d\u2019administration. Apr\u00e8s leur admission, les membres adh\u00e9rents sont tenus de payer une cotisation annuelle de 10 \u20ac.&nbsp;&nbsp;Vous pouvez prendre connaissance des <a href=\"http:\/\/www.lachartreuse.org\/web\/lasbl\/statuts\/\" data-type=\"page\" data-id=\"800\" target=\"_blank\" rel=\"noreferrer noopener\">statuts<\/a> dans la rubrique Statuts du menu L&rsquo;ASBL.<\/p>\n\n\n\n<p>Il vous suffit de faire votre demande \u00e0 info@lachartreuse.org et attendre la confirmation de votre adh\u00e9sion par le secr\u00e9tariat. La cotisation devra ensuite \u00eatre vers\u00e9e sur le compte&nbsp;<strong>BE33 1440 5057 2446<\/strong>&nbsp;de l\u2019asbl La Chartreuse, rue Fernand Tilquin 30 \u00e0 4030 Li\u00e8ge avec en communication&nbsp;: pr\u00e9nom, nom et ann\u00e9e de cotisation.<\/p>\n\n\n\n<p><\/p>\n<div class=\"pdfprnt-buttons pdfprnt-buttons-page pdfprnt-bottom-right\"><a href=\"http:\/\/www.lachartreuse.org\/web\/wp-json\/wp\/v2\/pages\/849?print=pdf\" class=\"pdfprnt-button pdfprnt-button-pdf\" target=\"_blank\" ><img decoding=\"async\" src=\"http:\/\/www.lachartreuse.org\/web\/wp-content\/plugins\/pdf-print\/images\/pdf.png\" alt=\"image_pdf\" title=\"T\u00e9l\u00e9charger le PDF\" \/><\/a><a href=\"http:\/\/www.lachartreuse.org\/web\/wp-json\/wp\/v2\/pages\/849?print=print\" class=\"pdfprnt-button pdfprnt-button-print\" target=\"_blank\" ><img decoding=\"async\" src=\"http:\/\/www.lachartreuse.org\/web\/wp-content\/plugins\/pdf-print\/images\/print.png\" alt=\"image_print\" title=\"Contenu imprim\u00e9\" \/><\/a><\/div>","protected":false},"excerpt":{"rendered":"<p>Vous partagez nos objectifs? Rejoignez-nous\u2026<\/p>\n","protected":false},"author":6,"featured_media":0,"parent":61,"menu_order":5,"comment_status":"closed","ping_status":"closed","template":"","meta":{"_eb_attr":"","_uag_custom_page_level_css":"","site-sidebar-layout":"default","site-content-layout":"","ast-site-content-layout":"default","site-content-style":"default","site-sidebar-style":"default","ast-global-header-display":"","ast-banner-title-visibility":"","ast-main-header-display":"","ast-hfb-above-header-display":"","ast-hfb-below-header-display":"","ast-hfb-mobile-header-display":"","site-post-title":"","ast-breadcrumbs-content":"","ast-featured-img":"","footer-sml-layout":"","ast-disable-related-posts":"","theme-transparent-header-meta":"","adv-header-id-meta":"","stick-header-meta":"","header-above-stick-meta":"","header-main-stick-meta":"","header-below-stick-meta":"","astra-migrate-meta-layouts":"default","ast-page-background-enabled":"default","ast-page-background-meta":{"desktop":{"background-color":"var(--ast-global-color-4)","background-image":"","background-repeat":"repeat","background-position":"center center","background-size":"auto","background-attachment":"scroll","background-type":"","background-media":"","overlay-type":"","overlay-color":"","overlay-opacity":"","overlay-gradient":""},"tablet":{"background-color":"","background-image":"","background-repeat":"repeat","background-position":"center center","background-size":"auto","background-attachment":"scroll","background-type":"","background-media":"","overlay-type":"","overlay-color":"","overlay-opacity":"","overlay-gradient":""},"mobile":{"background-color":"","background-image":"","background-repeat":"repeat","background-position":"center center","background-size":"auto","background-attachment":"scroll","background-type":"","background-media":"","overlay-type":"","overlay-color":"","overlay-opacity":"","overlay-gradient":""}},"ast-content-background-meta":{"desktop":{"background-color":"var(--ast-global-color-5)","background-image":"","background-repeat":"repeat","background-position":"center center","background-size":"auto","background-attachment":"scroll","background-type":"","background-media":"","overlay-type":"","overlay-color":"","overlay-opacity":"","overlay-gradient":""},"tablet":{"background-color":"var(--ast-global-color-5)","background-image":"","background-repeat":"repeat","background-position":"center center","background-size":"auto","background-attachment":"scroll","background-type":"","background-media":"","overlay-type":"","overlay-color":"","overlay-opacity":"","overlay-gradient":""},"mobile":{"background-color":"var(--ast-global-color-5)","background-image":"","background-repeat":"repeat","background-position":"center center","background-size":"auto","background-attachment":"scroll","background-type":"","background-media":"","overlay-type":"","overlay-color":"","overlay-opacity":"","overlay-gradient":""}},"footnotes":""},"class_list":["post-849","page","type-page","status-publish","hentry"],"featured_image_src":null,"uagb_featured_image_src":{"full":false,"thumbnail":false,"medium":false,"medium_large":false,"large":false,"1536x1536":false,"2048x2048":false},"uagb_author_info":{"display_name":"Pierre Michaux","author_link":"http:\/\/www.lachartreuse.org\/web\/author\/pmichaux\/"},"uagb_comment_info":0,"uagb_excerpt":"Vous partagez nos objectifs? Rejoignez-nous\u2026","_links":{"self":[{"href":"http:\/\/www.lachartreuse.org\/web\/wp-json\/wp\/v2\/pages\/849","targetHints":{"allow":["GET"]}}],"collection":[{"href":"http:\/\/www.lachartreuse.org\/web\/wp-json\/wp\/v2\/pages"}],"about":[{"href":"http:\/\/www.lachartreuse.org\/web\/wp-json\/wp\/v2\/types\/page"}],"author":[{"embeddable":true,"href":"http:\/\/www.lachartreuse.org\/web\/wp-json\/wp\/v2\/users\/6"}],"replies":[{"embeddable":true,"href":"http:\/\/www.lachartreuse.org\/web\/wp-json\/wp\/v2\/comments?post=849"}],"version-history":[{"count":2,"href":"http:\/\/www.lachartreuse.org\/web\/wp-json\/wp\/v2\/pages\/849\/revisions"}],"predecessor-version":[{"id":29113,"href":"http:\/\/www.lachartreuse.org\/web\/wp-json\/wp\/v2\/pages\/849\/revisions\/29113"}],"up":[{"embeddable":true,"href":"http:\/\/www.lachartreuse.org\/web\/wp-json\/wp\/v2\/pages\/61"}],"wp:attachment":[{"href":"http:\/\/www.lachartreuse.org\/web\/wp-json\/wp\/v2\/media?parent=849"}],"curies":[{"name":"wp","href":"https:\/\/api.w.org\/{rel}","templated":true}]}}