{"id":798,"date":"2017-09-02T16:06:19","date_gmt":"2017-09-02T14:06:19","guid":{"rendered":"http:\/\/www.lachartreuse.org\/web\/?page_id=798"},"modified":"2023-08-04T19:03:18","modified_gmt":"2023-08-04T17:03:18","slug":"historique","status":"publish","type":"page","link":"http:\/\/www.lachartreuse.org\/web\/lasbl\/historique\/","title":{"rendered":"Historique"},"content":{"rendered":"\n<p>&nbsp;<br>Comme toutes les associations ayant travers\u00e9 plusieurs d\u00e9cennies et ne fonctionnant qu&rsquo;avec des b\u00e9n\u00e9voles, l&rsquo;<strong>ASBL La Chartreuse<\/strong> a connu des hauts et des bas.<\/p>\n\n\n\n<p>Fond\u00e9e en 1986 par des passionn\u00e9s de la fortification, l\u2019ASBL La Chartreuse a pour objet social <em>l&rsquo;\u00e9tude, la protection et la mise en valeur du site de la Chartreuse<\/em> (voir dans nos <a href=\"http:\/\/www.lachartreuse.org\/web\/lasbl\/statuts\/\"><strong>Statuts<\/strong><\/a> l&rsquo;objet social d\u00e9taill\u00e9).\u2029<\/p>\n\n\n\n<p>Jusqu\u2019en 2002, gr\u00e2ce \u00e0 une concession domaniale, elle a occup\u00e9 des locaux dans l\u2019ancien fort hollandais et y a organis\u00e9 de nombreuses visites et activit\u00e9s tant au cours de l\u2019ann\u00e9e qu\u2019\u00e0 l\u2019occasion des Journ\u00e9es du Patrimoine. Elle en a \u00e9t\u00e9 expuls\u00e9e par la D\u00e9fense Nationale, \u00e0 la veille de la mise en vente de son ancienne caserne.<\/p>\n\n\n\n<p>En 1993, avec l&rsquo;ASBL Parc des Oblats (plusieurs membres de notre association en faisaient \u00e9galement partie), nous avions con\u00e7u et pr\u00e9sent\u00e9 aux m\u00e9dias et \u00e0 la Ville de Li\u00e8ge un projet d\u2019am\u00e9nagement du site de la Chartreuse et de cr\u00e9ation d&rsquo;une Fondation d&rsquo;utilit\u00e9 publique.\u2029 Ce plan d\u2019am\u00e9nagement a servi de base de discussion lorsque la Ville \u00e9labora son projet de sch\u00e9ma directeur. Le projet de Fondation n&rsquo;a, h\u00e9las, jamais abouti. (voir l&rsquo;article <a href=\"http:\/\/www.lachartreuse.org\/web\/protection-du-site-de-la-chartreuse-1ere-partie-1986-2003\/\"><em>Protection du site de la Chartreuse: 1\u00e8re partie (1986-2003)<\/em><\/a>.<\/p>\n\n\n\n<p>L&rsquo;ASBL La Chartreuse a repris pied sur le site en 2006 et s&rsquo;est install\u00e9e dans l&rsquo;\u00e5rv\u00f4 du thier de la Chartreuse, alors encore propri\u00e9t\u00e9 de l&rsquo;ASBL Parc des Oblats. En 2010, \u00e0 la dissolution de celle-ci, le b\u00e2timent a \u00e9t\u00e9 c\u00e9d\u00e9 \u00e0 notre association.<\/p>\n\n\n\n<p>Mais les activit\u00e9s de l&rsquo;ASBL ont \u00e9t\u00e9 fortement r\u00e9duites en raison des probl\u00e8mes de sant\u00e9 de son pr\u00e9sident.<\/p>\n\n\n\n<p>Bien qu&rsquo;elle soit \u00e2g\u00e9e de plus de 30 ans, notre ASBL \u00e9tait insuffisamment connue. En ao\u00fbt 2017, avant que la Chartreuse ne revienne dans l&rsquo;actualit\u00e9 avec le projet immobilier de Matexi, nous avons donc mis en ligne un site web et une page Facebook. Par ailleurs, depuis le printemps 2018, l&rsquo;\u00e5rv\u00f4 est de nouveau r\u00e9guli\u00e8rement ouvert au public.<\/p>\n<div class=\"pdfprnt-buttons pdfprnt-buttons-page pdfprnt-bottom-right\"><a href=\"http:\/\/www.lachartreuse.org\/web\/wp-json\/wp\/v2\/pages\/798?print=pdf\" class=\"pdfprnt-button pdfprnt-button-pdf\" target=\"_blank\" ><img decoding=\"async\" src=\"http:\/\/www.lachartreuse.org\/web\/wp-content\/plugins\/pdf-print\/images\/pdf.png\" alt=\"image_pdf\" title=\"T\u00e9l\u00e9charger le PDF\" \/><\/a><a href=\"http:\/\/www.lachartreuse.org\/web\/wp-json\/wp\/v2\/pages\/798?print=print\" class=\"pdfprnt-button pdfprnt-button-print\" target=\"_blank\" ><img decoding=\"async\" src=\"http:\/\/www.lachartreuse.org\/web\/wp-content\/plugins\/pdf-print\/images\/print.png\" alt=\"image_print\" title=\"Contenu imprim\u00e9\" \/><\/a><\/div>","protected":false},"excerpt":{"rendered":"<p>Un bref coup d\u2019oeil dans le r\u00e9troviseur.<\/p>\n","protected":false},"author":6,"featured_media":0,"parent":61,"menu_order":1,"comment_status":"closed","ping_status":"closed","template":"","meta":{"_eb_attr":"","_uag_custom_page_level_css":"","site-sidebar-layout":"default","site-content-layout":"","ast-site-content-layout":"default","site-content-style":"default","site-sidebar-style":"default","ast-global-header-display":"","ast-banner-title-visibility":"","ast-main-header-display":"","ast-hfb-above-header-display":"","ast-hfb-below-header-display":"","ast-hfb-mobile-header-display":"","site-post-title":"","ast-breadcrumbs-content":"","ast-featured-img":"","footer-sml-layout":"","ast-disable-related-posts":"","theme-transparent-header-meta":"","adv-header-id-meta":"","stick-header-meta":"","header-above-stick-meta":"","header-main-stick-meta":"","header-below-stick-meta":"","astra-migrate-meta-layouts":"default","ast-page-background-enabled":"default","ast-page-background-meta":{"desktop":{"background-color":"var(--ast-global-color-4)","background-image":"","background-repeat":"repeat","background-position":"center center","background-size":"auto","background-attachment":"scroll","background-type":"","background-media":"","overlay-type":"","overlay-color":"","overlay-opacity":"","overlay-gradient":""},"tablet":{"background-color":"","background-image":"","background-repeat":"repeat","background-position":"center center","background-size":"auto","background-attachment":"scroll","background-type":"","background-media":"","overlay-type":"","overlay-color":"","overlay-opacity":"","overlay-gradient":""},"mobile":{"background-color":"","background-image":"","background-repeat":"repeat","background-position":"center center","background-size":"auto","background-attachment":"scroll","background-type":"","background-media":"","overlay-type":"","overlay-color":"","overlay-opacity":"","overlay-gradient":""}},"ast-content-background-meta":{"desktop":{"background-color":"var(--ast-global-color-5)","background-image":"","background-repeat":"repeat","background-position":"center center","background-size":"auto","background-attachment":"scroll","background-type":"","background-media":"","overlay-type":"","overlay-color":"","overlay-opacity":"","overlay-gradient":""},"tablet":{"background-color":"var(--ast-global-color-5)","background-image":"","background-repeat":"repeat","background-position":"center center","background-size":"auto","background-attachment":"scroll","background-type":"","background-media":"","overlay-type":"","overlay-color":"","overlay-opacity":"","overlay-gradient":""},"mobile":{"background-color":"var(--ast-global-color-5)","background-image":"","background-repeat":"repeat","background-position":"center center","background-size":"auto","background-attachment":"scroll","background-type":"","background-media":"","overlay-type":"","overlay-color":"","overlay-opacity":"","overlay-gradient":""}},"footnotes":""},"class_list":["post-798","page","type-page","status-publish","hentry"],"featured_image_src":null,"uagb_featured_image_src":{"full":false,"thumbnail":false,"medium":false,"medium_large":false,"large":false,"1536x1536":false,"2048x2048":false},"uagb_author_info":{"display_name":"Pierre Michaux","author_link":"http:\/\/www.lachartreuse.org\/web\/author\/pmichaux\/"},"uagb_comment_info":0,"uagb_excerpt":"Un bref coup d\u2019oeil dans le r\u00e9troviseur.","_links":{"self":[{"href":"http:\/\/www.lachartreuse.org\/web\/wp-json\/wp\/v2\/pages\/798","targetHints":{"allow":["GET"]}}],"collection":[{"href":"http:\/\/www.lachartreuse.org\/web\/wp-json\/wp\/v2\/pages"}],"about":[{"href":"http:\/\/www.lachartreuse.org\/web\/wp-json\/wp\/v2\/types\/page"}],"author":[{"embeddable":true,"href":"http:\/\/www.lachartreuse.org\/web\/wp-json\/wp\/v2\/users\/6"}],"replies":[{"embeddable":true,"href":"http:\/\/www.lachartreuse.org\/web\/wp-json\/wp\/v2\/comments?post=798"}],"version-history":[{"count":3,"href":"http:\/\/www.lachartreuse.org\/web\/wp-json\/wp\/v2\/pages\/798\/revisions"}],"predecessor-version":[{"id":29109,"href":"http:\/\/www.lachartreuse.org\/web\/wp-json\/wp\/v2\/pages\/798\/revisions\/29109"}],"up":[{"embeddable":true,"href":"http:\/\/www.lachartreuse.org\/web\/wp-json\/wp\/v2\/pages\/61"}],"wp:attachment":[{"href":"http:\/\/www.lachartreuse.org\/web\/wp-json\/wp\/v2\/media?parent=798"}],"curies":[{"name":"wp","href":"https:\/\/api.w.org\/{rel}","templated":true}]}}