{"id":1190,"date":"2017-09-12T09:36:35","date_gmt":"2017-09-12T07:36:35","guid":{"rendered":"http:\/\/www.lachartreuse.org\/web\/?page_id=1190"},"modified":"2023-08-04T19:03:36","modified_gmt":"2023-08-04T17:03:36","slug":"le-logo","status":"publish","type":"page","link":"http:\/\/www.lachartreuse.org\/web\/lasbl\/le-logo\/","title":{"rendered":"Le logo"},"content":{"rendered":"\n<figure class=\"wp-block-image aligncenter size-full\"><img loading=\"lazy\" decoding=\"async\" width=\"360\" height=\"150\" src=\"http:\/\/www.lachartreuse.org\/web\/wp-content\/uploads\/2017\/09\/lachartreuse-logoasbl-360x150-1.png\" alt=\"\" class=\"wp-image-1198\" srcset=\"http:\/\/www.lachartreuse.org\/web\/wp-content\/uploads\/2017\/09\/lachartreuse-logoasbl-360x150-1.png 360w, http:\/\/www.lachartreuse.org\/web\/wp-content\/uploads\/2017\/09\/lachartreuse-logoasbl-360x150-1-300x125.png 300w\" sizes=\"auto, (max-width: 360px) 100vw, 360px\" \/><\/figure>\n\n\n\n<p>&nbsp;<br><br>Le logo de l&rsquo;association est une oeuvre \u00e0 l&rsquo;encre de Chine d&rsquo;Yvon Adam (1932-2017), peintre, dessinateur et graveur belge. Il a \u00e9t\u00e9 r\u00e9alis\u00e9 en 1986.<\/p>\n\n\n\n<p>N\u00e9 \u00e0 Grand-Halleux, il a \u00e9t\u00e9 form\u00e9 \u00e0 l\u2019Acad\u00e9mie de Li\u00e8ge. Il a exp\u00e9riment\u00e9 de nouvelles techniques de photographie entre 1960 et 1961. Professeur d\u2019arts graphiques \u00e0 l\u2019Institut communal des Arts d\u00e9coratifs de Li\u00e8ge de 1961 \u00e0 1974, il a \u00e9galement cr\u00e9\u00e9 des billets de banque pour la Banque Nationale de Belgique. Yvon Adam est d\u00e9c\u00e9d\u00e9 en 2017.<\/p>\n<div class=\"pdfprnt-buttons pdfprnt-buttons-page pdfprnt-bottom-right\"><a href=\"http:\/\/www.lachartreuse.org\/web\/wp-json\/wp\/v2\/pages\/1190?print=pdf\" class=\"pdfprnt-button pdfprnt-button-pdf\" target=\"_blank\" ><img decoding=\"async\" src=\"http:\/\/www.lachartreuse.org\/web\/wp-content\/plugins\/pdf-print\/images\/pdf.png\" alt=\"image_pdf\" title=\"T\u00e9l\u00e9charger le PDF\" \/><\/a><a href=\"http:\/\/www.lachartreuse.org\/web\/wp-json\/wp\/v2\/pages\/1190?print=print\" class=\"pdfprnt-button pdfprnt-button-print\" target=\"_blank\" ><img decoding=\"async\" src=\"http:\/\/www.lachartreuse.org\/web\/wp-content\/plugins\/pdf-print\/images\/print.png\" alt=\"image_print\" title=\"Contenu imprim\u00e9\" \/><\/a><\/div>","protected":false},"excerpt":{"rendered":"<p>Qui a dessin\u00e9 ce logo?<\/p>\n","protected":false},"author":6,"featured_media":0,"parent":61,"menu_order":2,"comment_status":"closed","ping_status":"closed","template":"","meta":{"_eb_attr":"","_uag_custom_page_level_css":"","site-sidebar-layout":"default","site-content-layout":"","ast-site-content-layout":"default","site-content-style":"default","site-sidebar-style":"default","ast-global-header-display":"","ast-banner-title-visibility":"","ast-main-header-display":"","ast-hfb-above-header-display":"","ast-hfb-below-header-display":"","ast-hfb-mobile-header-display":"","site-post-title":"","ast-breadcrumbs-content":"","ast-featured-img":"","footer-sml-layout":"","ast-disable-related-posts":"","theme-transparent-header-meta":"","adv-header-id-meta":"","stick-header-meta":"","header-above-stick-meta":"","header-main-stick-meta":"","header-below-stick-meta":"","astra-migrate-meta-layouts":"default","ast-page-background-enabled":"default","ast-page-background-meta":{"desktop":{"background-color":"var(--ast-global-color-4)","background-image":"","background-repeat":"repeat","background-position":"center center","background-size":"auto","background-attachment":"scroll","background-type":"","background-media":"","overlay-type":"","overlay-color":"","overlay-opacity":"","overlay-gradient":""},"tablet":{"background-color":"","background-image":"","background-repeat":"repeat","background-position":"center center","background-size":"auto","background-attachment":"scroll","background-type":"","background-media":"","overlay-type":"","overlay-color":"","overlay-opacity":"","overlay-gradient":""},"mobile":{"background-color":"","background-image":"","background-repeat":"repeat","background-position":"center center","background-size":"auto","background-attachment":"scroll","background-type":"","background-media":"","overlay-type":"","overlay-color":"","overlay-opacity":"","overlay-gradient":""}},"ast-content-background-meta":{"desktop":{"background-color":"var(--ast-global-color-5)","background-image":"","background-repeat":"repeat","background-position":"center center","background-size":"auto","background-attachment":"scroll","background-type":"","background-media":"","overlay-type":"","overlay-color":"","overlay-opacity":"","overlay-gradient":""},"tablet":{"background-color":"var(--ast-global-color-5)","background-image":"","background-repeat":"repeat","background-position":"center center","background-size":"auto","background-attachment":"scroll","background-type":"","background-media":"","overlay-type":"","overlay-color":"","overlay-opacity":"","overlay-gradient":""},"mobile":{"background-color":"var(--ast-global-color-5)","background-image":"","background-repeat":"repeat","background-position":"center center","background-size":"auto","background-attachment":"scroll","background-type":"","background-media":"","overlay-type":"","overlay-color":"","overlay-opacity":"","overlay-gradient":""}},"footnotes":""},"class_list":["post-1190","page","type-page","status-publish","hentry"],"featured_image_src":null,"uagb_featured_image_src":{"full":false,"thumbnail":false,"medium":false,"medium_large":false,"large":false,"1536x1536":false,"2048x2048":false},"uagb_author_info":{"display_name":"Pierre Michaux","author_link":"http:\/\/www.lachartreuse.org\/web\/author\/pmichaux\/"},"uagb_comment_info":0,"uagb_excerpt":"Qui a dessin\u00e9 ce logo?","_links":{"self":[{"href":"http:\/\/www.lachartreuse.org\/web\/wp-json\/wp\/v2\/pages\/1190","targetHints":{"allow":["GET"]}}],"collection":[{"href":"http:\/\/www.lachartreuse.org\/web\/wp-json\/wp\/v2\/pages"}],"about":[{"href":"http:\/\/www.lachartreuse.org\/web\/wp-json\/wp\/v2\/types\/page"}],"author":[{"embeddable":true,"href":"http:\/\/www.lachartreuse.org\/web\/wp-json\/wp\/v2\/users\/6"}],"replies":[{"embeddable":true,"href":"http:\/\/www.lachartreuse.org\/web\/wp-json\/wp\/v2\/comments?post=1190"}],"version-history":[{"count":3,"href":"http:\/\/www.lachartreuse.org\/web\/wp-json\/wp\/v2\/pages\/1190\/revisions"}],"predecessor-version":[{"id":29110,"href":"http:\/\/www.lachartreuse.org\/web\/wp-json\/wp\/v2\/pages\/1190\/revisions\/29110"}],"up":[{"embeddable":true,"href":"http:\/\/www.lachartreuse.org\/web\/wp-json\/wp\/v2\/pages\/61"}],"wp:attachment":[{"href":"http:\/\/www.lachartreuse.org\/web\/wp-json\/wp\/v2\/media?parent=1190"}],"curies":[{"name":"wp","href":"https:\/\/api.w.org\/{rel}","templated":true}]}}